{"id":1452,"date":"2026-02-01T19:50:55","date_gmt":"2026-02-01T17:50:55","guid":{"rendered":"https:\/\/lafertealais.org\/?page_id=1452"},"modified":"2026-02-01T19:55:42","modified_gmt":"2026-02-01T17:55:42","slug":"electrification","status":"publish","type":"page","link":"https:\/\/lafertealais.org\/index.php\/machine-a-remonter-le-temps\/electrification\/","title":{"rendered":"Electrification"},"content":{"rendered":"\n<div class=\"wp-block-media-text is-stacked-on-mobile\" style=\"grid-template-columns:40% auto\"><figure class=\"wp-block-media-text__media\"><img loading=\"lazy\" decoding=\"async\" width=\"241\" height=\"462\" src=\"http:\/\/lafertealais.org\/wp-content\/uploads\/2026\/02\/Candelabre.jpg\" alt=\"\" class=\"wp-image-1453 size-full\" srcset=\"https:\/\/lafertealais.org\/wp-content\/uploads\/2026\/02\/Candelabre.jpg?v=1769967740 241w, https:\/\/lafertealais.org\/wp-content\/uploads\/2026\/02\/Candelabre-156x300.jpg?v=1769967740 156w\" sizes=\"auto, (max-width: 241px) 100vw, 241px\" \/><\/figure><div class=\"wp-block-media-text__content\">\n<p>Le raccordement au r\u00e9seau \u00e9lectrique \u00e0 La Fert\u00e9 Alais date de 1927.<br>Comment cela a chang\u00e9 nos habitudes ?<\/p>\n\n\n\n<p>Aujourd\u2019hui, il nous para\u00eet normal de dormir d\u2019un seul trait. Mais au Moyen \u00c2ge, l\u2019habitude \u00e9tait tout autre : on dormait en deux temps.<br>Avant l\u2019invention de l\u2019\u00e9lectricit\u00e9, les gens se couchaient peu apr\u00e8s le coucher du soleil. Mais en s\u2019endormant si t\u00f4t, ils ne pouvaient pas rester endormis toute la nuit. Ainsi naquit l\u2019habitude du \u00ab premier sommeil \u00bb et du \u00ab second sommeil \u00bb.<br>Ils dormaient quelques heures, puis se r\u00e9veillaient vers minuit\u2026 et profitaient de ces heures interm\u00e9diaires pour prier, lire, fumer, rendre visite aux voisins ou simplement passer du temps en famille \u00e0 la lueur vacillante d\u2019une bougie. Ensuite, ils retournaient au lit pour compl\u00e9ter leur second sommeil jusqu\u2019\u00e0 l\u2019aube.<br>Ce rythme fut la norme durant des si\u00e8cles, et l\u2019on en trouve la trace dans les journaux, la litt\u00e9rature et m\u00eame les trait\u00e9s m\u00e9dicaux de l\u2019\u00e9poque.<br>Mais \u00e0 partir de 1800, avec l\u2019essor de l\u2019\u00e9clairage public et des cadences urbaines plus rapides, cette coutume commen\u00e7a \u00e0 dispara\u00eetre. Vers 1900, presque plus personne ne se souvenait que dormir deux fois par nuit avait jadis \u00e9t\u00e9 la chose la plus naturelle du monde.<br>Aujourd\u2019hui, nous appellerions cela de l\u2019insomnie.<br>Autrefois\u2026 c\u2019\u00e9tait simplement vivre au rythme de l\u2019obscurit\u00e9.<\/p>\n<\/div><\/div>\n","protected":false},"excerpt":{"rendered":"<p>Le raccordement au r\u00e9seau \u00e9lectrique \u00e0 La Fert\u00e9 Alais date de 1927.Comment cela a chang\u00e9 nos habitudes ? Aujourd\u2019hui, il nous para\u00eet normal de dormir d\u2019un seul trait. Mais au Moyen \u00c2ge, l\u2019habitude \u00e9tait tout autre : on dormait en <a href=\"https:\/\/lafertealais.org\/index.php\/machine-a-remonter-le-temps\/electrification\/\"> Read more&#8230;<\/a><\/p>\n","protected":false},"author":1,"featured_media":0,"parent":412,"menu_order":0,"comment_status":"closed","ping_status":"closed","template":"","meta":{"_monsterinsights_skip_tracking":false,"_monsterinsights_sitenote_active":false,"_monsterinsights_sitenote_note":"","_monsterinsights_sitenote_category":0,"footnotes":""},"class_list":["post-1452","page","type-page","status-publish","hentry"],"aioseo_notices":[],"_links":{"self":[{"href":"https:\/\/lafertealais.org\/index.php\/wp-json\/wp\/v2\/pages\/1452","targetHints":{"allow":["GET"]}}],"collection":[{"href":"https:\/\/lafertealais.org\/index.php\/wp-json\/wp\/v2\/pages"}],"about":[{"href":"https:\/\/lafertealais.org\/index.php\/wp-json\/wp\/v2\/types\/page"}],"author":[{"embeddable":true,"href":"https:\/\/lafertealais.org\/index.php\/wp-json\/wp\/v2\/users\/1"}],"replies":[{"embeddable":true,"href":"https:\/\/lafertealais.org\/index.php\/wp-json\/wp\/v2\/comments?post=1452"}],"version-history":[{"count":1,"href":"https:\/\/lafertealais.org\/index.php\/wp-json\/wp\/v2\/pages\/1452\/revisions"}],"predecessor-version":[{"id":1456,"href":"https:\/\/lafertealais.org\/index.php\/wp-json\/wp\/v2\/pages\/1452\/revisions\/1456"}],"up":[{"embeddable":true,"href":"https:\/\/lafertealais.org\/index.php\/wp-json\/wp\/v2\/pages\/412"}],"wp:attachment":[{"href":"https:\/\/lafertealais.org\/index.php\/wp-json\/wp\/v2\/media?parent=1452"}],"curies":[{"name":"wp","href":"https:\/\/api.w.org\/{rel}","templated":true}]}}